{"id":9,"date":"2026-03-06T15:44:40","date_gmt":"2026-03-06T15:44:40","guid":{"rendered":"https:\/\/iso14001uudistus.com\/?page_id=9"},"modified":"2026-03-09T08:45:43","modified_gmt":"2026-03-09T08:45:43","slug":"etusivu","status":"publish","type":"page","link":"https:\/\/iso14001uudistus.com\/","title":{"rendered":"ISO 14001 uudistus 2026"},"content":{"rendered":"\n<div class=\"wp-block-group is-nowrap is-layout-flex wp-container-core-group-is-layout-6c531013 wp-block-group-is-layout-flex\">\n<div class=\"wp-block-group has-global-padding is-layout-constrained wp-block-group-is-layout-constrained\">\n<p><strong>ISO 14001 ja ISO 9001 uudistus 2026<\/strong><\/p>\n\n\n\n<p>Kansainv\u00e4lisen standardisoimisj\u00e4rjest\u00f6n ISO (International Standardization Organization) periaatteena on uudistaa standardeja keskim\u00e4\u00e4rin 5 vuoden v\u00e4lein, jotta ne pysyv\u00e4t yhteiskunnan kehityksen mukana. T\u00e4ll\u00e4 hetkell\u00e4 standardien ISO 14001 (ymp\u00e4rist\u00f6johtaminen, ymp\u00e4rist\u00f6j\u00e4rjestelm\u00e4t) ja ISO 9001 (laatujohtaminen, laatuj\u00e4rjestelm\u00e4t) uudistus 2026 alkaa olla loppusuoralla.<\/p>\n<\/div>\n\n\n\n<figure class=\"wp-block-image alignright size-full is-resized\"><img loading=\"lazy\" decoding=\"async\" width=\"590\" height=\"545\" src=\"https:\/\/iso14001uudistus.com\/wp-content\/uploads\/2026\/03\/ISO-9001-ja-ISO-14001-uudistus-590x545-1.png\" alt=\"\" class=\"wp-image-32\" style=\"width:264px;height:auto\" srcset=\"https:\/\/iso14001uudistus.com\/wp-content\/uploads\/2026\/03\/ISO-9001-ja-ISO-14001-uudistus-590x545-1.png 590w, https:\/\/iso14001uudistus.com\/wp-content\/uploads\/2026\/03\/ISO-9001-ja-ISO-14001-uudistus-590x545-1-300x277.png 300w\" sizes=\"auto, (max-width: 590px) 100vw, 590px\" \/><\/figure>\n<\/div>\n\n\n\n<p class=\"is-style-default\"><strong>Kuka laatii uuden ISO 14001 standardiversion?<\/strong><\/p>\n\n\n\n<p>N\u00e4it\u00e4 standardeja uudistetaan eri maiden edustajien toimesta ISO:n teknisiss\u00e4 komiteoissa. ISO 14001 uudistusta ty\u00f6st\u00e4\u00e4 tekninen komitea TC 207 ja ISO 9001 uudistusta tekninen komitea TC 176. Komiteat julkaisevat ajantasaista tietoa uudistusten tilanteesta ja ovat siten ensisijainen tietol\u00e4hde. Komiteoiden julkaisut l\u00f6ytyv\u00e4t\u00a0<a href=\"https:\/\/iso.org\/\">iso.org<\/a>\u00a0alasivuilta. Valitettavasti komiteoiden julkaisujen linkit muuttuvat jatkuvasti, joten varmin tapa l\u00f6yt\u00e4\u00e4 ajantasainen tieto on k\u00e4ytt\u00e4\u00e4 p\u00e4\u00e4sivun hakutoimintoa.<\/p>\n\n\n\n<p><strong>Mik\u00e4 on ISO 14001 2026 uudistuksen tilanne?<\/strong><\/p>\n\n\n\n<p>T\u00e4ll\u00e4 hetkell\u00e4 (9.3.2026) viimeisin julkaistu aikataulutieto kertoo, ett\u00e4 ISO 14001:2026 uusi versio julkaistaisiin vuoden 2026 alkupuoliskolla ja ISO 9001:2026 uusi versio julkaistaisiin syyskuussa 2026. Tavanomaista on, ett\u00e4 n\u00e4m\u00e4 aikataulut voivat viel\u00e4 veny\u00e4.<\/p>\n\n\n\n<p><strong>Miten sertifioitujen yritysten tulisi toimia ISO 14001 2026 uudistusten suhteen?<\/strong><\/p>\n\n\n\n<p>Uudet vaatimukset astuvat pakollisina voimaan kolmen vuoden siirtym\u00e4ajan j\u00e4lkeen. Siirtym\u00e4aika lasketaan uuden version julkaisusta alkaen. Uudistuvia standardeja soveltavien yritysten kannattaa huomioida uudet vaatimukset hyviss\u00e4 ajoin. Uudistusty\u00f6 kannattaa aloittaa vasta, kun standardin virallinen julkistus on tehty.<\/p>\n\n\n\n<p><strong>ISO 14001 2026 uudistustoimenpiteet sujuvasti<\/strong><\/p>\n\n\n\n<p>Valmennamme yrityksi\u00e4 ISO 14001- ja ISO 9001 -j\u00e4rjestelmiens\u00e4 kehitt\u00e4misess\u00e4 ja uudistamisessa. Tyypillisesti uuden standardiversion vaatimat muutokset voidaan toteuttaa muutamassa p\u00e4iv\u00e4ss\u00e4. Ota yhteytt\u00e4!<br>Puhelinneuvontamme on maksutonta.<\/p>\n\n\n\n<p><\/p>\n\n\n\n<div class=\"wp-block-buttons alignwide is-content-justification-center is-layout-flex wp-container-core-buttons-is-layout-a89b3969 wp-block-buttons-is-layout-flex\">\n<div class=\"wp-block-button\"><a class=\"wp-block-button__link wp-element-button\" href=\"https:\/\/sertifiointi.com\/yhteydenotto\/\">Ota yhteytt\u00e4<\/a><\/div>\n<\/div>\n","protected":false},"excerpt":{"rendered":"<p>ISO 14001 ja ISO 9001 uudistus 2026 Kansainv\u00e4lisen standardisoimisj\u00e4rjest\u00f6n ISO (International Standardization Organization) periaatteena on uudistaa standardeja keskim\u00e4\u00e4rin 5 vuoden v\u00e4lein, jotta ne pysyv\u00e4t yhteiskunnan kehityksen mukana. T\u00e4ll\u00e4 hetkell\u00e4 standardien ISO 14001 (ymp\u00e4rist\u00f6johtaminen, ymp\u00e4rist\u00f6j\u00e4rjestelm\u00e4t) ja ISO 9001 (laatujohtaminen, laatuj\u00e4rjestelm\u00e4t) uudistus 2026 alkaa olla loppusuoralla. Kuka laatii uuden ISO 14001 standardiversion? N\u00e4it\u00e4 standardeja uudistetaan eri maiden [&hellip;]<\/p>\n","protected":false},"author":1,"featured_media":0,"parent":0,"menu_order":0,"comment_status":"closed","ping_status":"closed","template":"","meta":{"footnotes":""},"class_list":["post-9","page","type-page","status-publish","hentry"],"_links":{"self":[{"href":"https:\/\/iso14001uudistus.com\/index.php?rest_route=\/wp\/v2\/pages\/9","targetHints":{"allow":["GET"]}}],"collection":[{"href":"https:\/\/iso14001uudistus.com\/index.php?rest_route=\/wp\/v2\/pages"}],"about":[{"href":"https:\/\/iso14001uudistus.com\/index.php?rest_route=\/wp\/v2\/types\/page"}],"author":[{"embeddable":true,"href":"https:\/\/iso14001uudistus.com\/index.php?rest_route=\/wp\/v2\/users\/1"}],"replies":[{"embeddable":true,"href":"https:\/\/iso14001uudistus.com\/index.php?rest_route=%2Fwp%2Fv2%2Fcomments&post=9"}],"version-history":[{"count":9,"href":"https:\/\/iso14001uudistus.com\/index.php?rest_route=\/wp\/v2\/pages\/9\/revisions"}],"predecessor-version":[{"id":40,"href":"https:\/\/iso14001uudistus.com\/index.php?rest_route=\/wp\/v2\/pages\/9\/revisions\/40"}],"wp:attachment":[{"href":"https:\/\/iso14001uudistus.com\/index.php?rest_route=%2Fwp%2Fv2%2Fmedia&parent=9"}],"curies":[{"name":"wp","href":"https:\/\/api.w.org\/{rel}","templated":true}]}}